{"id":333,"date":"2021-12-06T16:04:27","date_gmt":"2021-12-06T16:04:27","guid":{"rendered":"https:\/\/mqc.madeira.gov.pt\/sa\/?page_id=327"},"modified":"2021-12-06T16:04:27","modified_gmt":"2021-12-06T16:04:27","slug":"page-introuvable","status":"publish","type":"page","link":"https:\/\/mqc.madeira.gov.pt\/sa\/page-introuvable\/","title":{"rendered":"Page introuvable"},"content":{"rendered":"<div class=\"pbs-main-wrapper\"><p>\u00a0<\/p>\n<h3 style=\"text-align: center;\"><strong>Erreur:<\/strong> Page introuvable!<\/h3>\n<p style=\"text-align: center;\">Aucun contenu n\u2019a \u00e9t\u00e9 trouv\u00e9 \u00e0 cette adresse.<\/p>\n<p style=\"text-align: center;\"><button>Reviens<\/button><\/p>\n<\/div>","protected":false},"excerpt":{"rendered":"<p>\u00a0 Erreur: Page introuvable! Aucun contenu n\u2019a \u00e9t\u00e9 trouv\u00e9 \u00e0 cette adresse. Reviens<\/p>\n","protected":false},"author":1,"featured_media":0,"parent":0,"menu_order":0,"comment_status":"closed","ping_status":"closed","template":"","meta":{"_mi_skip_tracking":false},"yoast_head":"<!-- This site is optimized with the Yoast SEO plugin v17.8 - https:\/\/yoast.com\/wordpress\/plugins\/seo\/ -->\n<title>Page introuvable - Solar do Aposento<\/title>\n<meta name=\"robots\" content=\"index, follow, max-snippet:-1, max-image-preview:large, max-video-preview:-1\" \/>\n<link rel=\"canonical\" href=\"https:\/\/mqc.madeira.gov.pt\/sa\/page-introuvable\/\" \/>\n<meta property=\"og:locale\" content=\"en_US\" \/>\n<meta property=\"og:type\" content=\"article\" \/>\n<meta property=\"og:title\" content=\"Page introuvable - Solar do Aposento\" \/>\n<meta property=\"og:description\" content=\"\u00a0 Erreur: Page introuvable! Aucun contenu n\u2019a \u00e9t\u00e9 trouv\u00e9 \u00e0 cette adresse. Reviens\" \/>\n<meta property=\"og:url\" content=\"https:\/\/mqc.madeira.gov.pt\/sa\/page-introuvable\/\" \/>\n<meta property=\"og:site_name\" content=\"Solar do Aposento\" \/>\n<meta name=\"twitter:card\" content=\"summary_large_image\" \/>\n<script type=\"application\/ld+json\" class=\"yoast-schema-graph\">{\"@context\":\"https:\/\/schema.org\",\"@graph\":[{\"@type\":\"WebSite\",\"@id\":\"https:\/\/mqc.madeira.gov.pt\/sa\/#website\",\"url\":\"https:\/\/mqc.madeira.gov.pt\/sa\/\",\"name\":\"Solar do Aposento\",\"description\":\"Ponta Delgada\",\"potentialAction\":[{\"@type\":\"SearchAction\",\"target\":{\"@type\":\"EntryPoint\",\"urlTemplate\":\"https:\/\/mqc.madeira.gov.pt\/sa\/?s={search_term_string}\"},\"query-input\":\"required name=search_term_string\"}],\"inLanguage\":\"en-US\"},{\"@type\":\"WebPage\",\"@id\":\"https:\/\/mqc.madeira.gov.pt\/sa\/page-introuvable\/#webpage\",\"url\":\"https:\/\/mqc.madeira.gov.pt\/sa\/page-introuvable\/\",\"name\":\"Page introuvable - Solar do Aposento\",\"isPartOf\":{\"@id\":\"https:\/\/mqc.madeira.gov.pt\/sa\/#website\"},\"datePublished\":\"2021-12-06T16:04:27+00:00\",\"dateModified\":\"2021-12-06T16:04:27+00:00\",\"breadcrumb\":{\"@id\":\"https:\/\/mqc.madeira.gov.pt\/sa\/page-introuvable\/#breadcrumb\"},\"inLanguage\":\"en-US\",\"potentialAction\":[{\"@type\":\"ReadAction\",\"target\":[\"https:\/\/mqc.madeira.gov.pt\/sa\/page-introuvable\/\"]}]},{\"@type\":\"BreadcrumbList\",\"@id\":\"https:\/\/mqc.madeira.gov.pt\/sa\/page-introuvable\/#breadcrumb\",\"itemListElement\":[{\"@type\":\"ListItem\",\"position\":1,\"name\":\"In\\u00edcio\",\"item\":\"https:\/\/mqc.madeira.gov.pt\/sa\/\"},{\"@type\":\"ListItem\",\"position\":2,\"name\":\"Page introuvable\"}]}]}<\/script>\n<!-- \/ Yoast SEO plugin. -->","yoast_head_json":{"title":"Page introuvable - Solar do Aposento","robots":{"index":"index","follow":"follow","max-snippet":"max-snippet:-1","max-image-preview":"max-image-preview:large","max-video-preview":"max-video-preview:-1"},"canonical":"https:\/\/mqc.madeira.gov.pt\/sa\/page-introuvable\/","og_locale":"en_US","og_type":"article","og_title":"Page introuvable - Solar do Aposento","og_description":"\u00a0 Erreur: Page introuvable! Aucun contenu n\u2019a \u00e9t\u00e9 trouv\u00e9 \u00e0 cette adresse. Reviens","og_url":"https:\/\/mqc.madeira.gov.pt\/sa\/page-introuvable\/","og_site_name":"Solar do Aposento","twitter_card":"summary_large_image","schema":{"@context":"https:\/\/schema.org","@graph":[{"@type":"WebSite","@id":"https:\/\/mqc.madeira.gov.pt\/sa\/#website","url":"https:\/\/mqc.madeira.gov.pt\/sa\/","name":"Solar do Aposento","description":"Ponta Delgada","potentialAction":[{"@type":"SearchAction","target":{"@type":"EntryPoint","urlTemplate":"https:\/\/mqc.madeira.gov.pt\/sa\/?s={search_term_string}"},"query-input":"required name=search_term_string"}],"inLanguage":"en-US"},{"@type":"WebPage","@id":"https:\/\/mqc.madeira.gov.pt\/sa\/page-introuvable\/#webpage","url":"https:\/\/mqc.madeira.gov.pt\/sa\/page-introuvable\/","name":"Page introuvable - Solar do Aposento","isPartOf":{"@id":"https:\/\/mqc.madeira.gov.pt\/sa\/#website"},"datePublished":"2021-12-06T16:04:27+00:00","dateModified":"2021-12-06T16:04:27+00:00","breadcrumb":{"@id":"https:\/\/mqc.madeira.gov.pt\/sa\/page-introuvable\/#breadcrumb"},"inLanguage":"en-US","potentialAction":[{"@type":"ReadAction","target":["https:\/\/mqc.madeira.gov.pt\/sa\/page-introuvable\/"]}]},{"@type":"BreadcrumbList","@id":"https:\/\/mqc.madeira.gov.pt\/sa\/page-introuvable\/#breadcrumb","itemListElement":[{"@type":"ListItem","position":1,"name":"In\u00edcio","item":"https:\/\/mqc.madeira.gov.pt\/sa\/"},{"@type":"ListItem","position":2,"name":"Page introuvable"}]}]}},"_links":{"self":[{"href":"https:\/\/mqc.madeira.gov.pt\/sa\/wp-json\/wp\/v2\/pages\/333"}],"collection":[{"href":"https:\/\/mqc.madeira.gov.pt\/sa\/wp-json\/wp\/v2\/pages"}],"about":[{"href":"https:\/\/mqc.madeira.gov.pt\/sa\/wp-json\/wp\/v2\/types\/page"}],"author":[{"embeddable":true,"href":"https:\/\/mqc.madeira.gov.pt\/sa\/wp-json\/wp\/v2\/users\/1"}],"replies":[{"embeddable":true,"href":"https:\/\/mqc.madeira.gov.pt\/sa\/wp-json\/wp\/v2\/comments?post=333"}],"version-history":[{"count":0,"href":"https:\/\/mqc.madeira.gov.pt\/sa\/wp-json\/wp\/v2\/pages\/333\/revisions"}],"wp:attachment":[{"href":"https:\/\/mqc.madeira.gov.pt\/sa\/wp-json\/wp\/v2\/media?parent=333"}],"curies":[{"name":"wp","href":"https:\/\/api.w.org\/{rel}","templated":true}]}}